{"id":743,"date":"2021-04-16T07:10:22","date_gmt":"2021-04-16T07:10:22","guid":{"rendered":"https:\/\/visitesguidees-saintmalo.com\/protection-de-la-vie-privee\/"},"modified":"2021-05-06T12:25:07","modified_gmt":"2021-05-06T12:25:07","slug":"privacy-policy","status":"publish","type":"page","link":"https:\/\/visitesguidees-saintmalo.com\/en\/privacy-policy\/","title":{"rendered":"Privacy policy"},"content":{"rendered":"<p>[et_pb_section fb_built=&#8221;1&#8243; custom_padding_last_edited=&#8221;on|desktop&#8221; admin_label=&#8221;Header&#8221; _builder_version=&#8221;4.9.3&#8243; background_color=&#8221;#429dd6&#8243; background_enable_image=&#8221;off&#8221; background_blend=&#8221;color&#8221; custom_padding=&#8221;50px||50px||true|false&#8221; custom_padding_tablet=&#8221;50px||50px||true|false&#8221; custom_padding_phone=&#8221;25px||25px||true|false&#8221; da_disable_devices=&#8221;off|off|off&#8221; locked=&#8221;off&#8221; collapsed=&#8221;off&#8221; da_is_popup=&#8221;off&#8221; da_exit_intent=&#8221;off&#8221; da_has_close=&#8221;on&#8221; da_alt_close=&#8221;off&#8221; da_dark_close=&#8221;off&#8221; da_not_modal=&#8221;on&#8221; da_is_singular=&#8221;off&#8221; da_with_loader=&#8221;off&#8221; da_has_shadow=&#8221;on&#8221;][et_pb_row _builder_version=&#8221;3.25&#8243; custom_margin=&#8221;|||&#8221;][et_pb_column type=&#8221;4_4&#8243; _builder_version=&#8221;3.25&#8243; custom_padding=&#8221;|||&#8221; custom_padding__hover=&#8221;|||&#8221;][et_pb_text admin_label=&#8221;CTA Section Title&#8221; _builder_version=&#8221;4.9.3&#8243; text_font=&#8221;||||&#8221; header_font=&#8221;Oswald|on||on|&#8221; header_text_align=&#8221;center&#8221; header_font_size=&#8221;40px&#8221; header_line_height=&#8221;1.3em&#8221; background_layout=&#8221;dark&#8221; module_alignment=&#8221;center&#8221; custom_margin=&#8221;|||&#8221; custom_padding=&#8221;|||&#8221; animation_style=&#8221;zoom&#8221; animation_delay=&#8221;100ms&#8221; animation_intensity_zoom=&#8221;20%&#8221; header_font_size_tablet=&#8221;&#8221; header_font_size_phone=&#8221;36px&#8221; header_font_size_last_edited=&#8221;on|phone&#8221; locked=&#8221;off&#8221;]<\/p>\n<h1>Privacy policy<\/h1>\n<p>[\/et_pb_text][et_pb_divider color=&#8221;#ffffff&#8221; divider_position=&#8221;center&#8221; divider_weight=&#8221;3px&#8221; disabled_on=&#8221;off|off|off&#8221; _builder_version=&#8221;3.2&#8243; max_width=&#8221;150px&#8221; module_alignment=&#8221;center&#8221; height=&#8221;false&#8221; animation_style=&#8221;zoom&#8221; animation_delay=&#8221;200ms&#8221; animation_intensity_zoom=&#8221;20%&#8221; locked=&#8221;off&#8221;][\/et_pb_divider][\/et_pb_column][\/et_pb_row][\/et_pb_section][et_pb_section fb_built=&#8221;1&#8243; custom_padding_last_edited=&#8221;on|phone&#8221; admin_label=&#8221;Intro&#8221; _builder_version=&#8221;4.9.3&#8243; custom_padding=&#8221;60px||0px||false|false&#8221; custom_padding_tablet=&#8221;0px||0px|&#8221; custom_padding_phone=&#8221;30px||||false|false&#8221; da_disable_devices=&#8221;off|off|off&#8221; collapsed=&#8221;off&#8221; da_is_popup=&#8221;off&#8221; da_exit_intent=&#8221;off&#8221; da_has_close=&#8221;on&#8221; da_alt_close=&#8221;off&#8221; da_dark_close=&#8221;off&#8221; da_not_modal=&#8221;on&#8221; da_is_singular=&#8221;off&#8221; da_with_loader=&#8221;off&#8221; da_has_shadow=&#8221;on&#8221;][et_pb_row _builder_version=&#8221;4.9.3&#8243; _module_preset=&#8221;default&#8221; custom_margin=&#8221;0px||50px||false|false&#8221; custom_padding=&#8221;0px||||false|false&#8221; collapsed=&#8221;off&#8221;][et_pb_column type=&#8221;4_4&#8243; _builder_version=&#8221;4.9.3&#8243; _module_preset=&#8221;default&#8221;][et_pb_text _builder_version=&#8221;4.9.3&#8243; _module_preset=&#8221;default&#8221;]<\/p>\n<p>Soucieuse de la protection de votre vie priv\u00e9e, Alexandra Durand s\u2019engage \u00e0 assurer le meilleur niveau de protection de vos donn\u00e9es personnelles conform\u00e9ment \u00e0 la loi Informatique et Libert\u00e9s du 6 janvier 1978 modifi\u00e9e par la loi du 6 ao\u00fbt 2004.<\/p>\n<p>Notre politique de protection de la vie priv\u00e9e vous permet d\u2019en savoir plus sur la collecte et le traitement de vos donn\u00e9es personnelles par Alexandra Durand ainsi que sur vos droits.<\/p>\n<p>Vous pouvez consultez la liste des traitements vous concernant en vous adressant \u00e0 Alexandra Durand :<\/p>\n<p>par voie postale \u00e0 l\u2019adresse suivante : 1, rue du Bournay 35400 Saint Malo<br \/>ou par courrier \u00e9lectronique \u00e0 l\u2019adresse : contact@alexandradurand.com<br \/>Pour mieux conna\u00eetre vos droits et vos devoirs, vous pouvez \u00e9galement consulter le site de la Commission Nationale de l\u2019Informatique et des Libert\u00e9s http:\/\/www.cnil.fr.<\/p>\n<p><strong>1. IDENTIT\u00c9 DU RESPONSABLE DU TRAITEMENT<\/strong><br \/>Les donn\u00e9es personnelles sont collect\u00e9es par : Alexandra Durand &#8211; 1, rue du Bournay 35400 Saint Malo.<\/p>\n<p><strong>2. LES TRAITEMENTS RELATIFS \u00c0 VOS DONN\u00c9ES PERSONNELLES<\/strong><br \/>QUELLES DONN\u00c9ES ?<\/p>\n<p>Ils sont susceptibles d\u2019\u00eatre plac\u00e9s dans votre terminal, afin d\u2019identifier vos centres d\u2019int\u00e9r\u00eat au travers des produits consult\u00e9s sur notre site et de collecter des donn\u00e9es de navigation afin de personnaliser l\u2019offre publicitaire qui vous est adress\u00e9e sur et en dehors de nos sites.<\/p>\n<p>Vous pouvez d\u00e9sactiver les cookies de notre outil de mesure d\u2019audience Google Analytics en cliquant <a href=\"https:\/\/tools.google.com\/dlpage\/gaoptout\" target=\"_blank\" rel=\"noopener\">ici<\/a>.<\/p>\n<p>Vous pouvez vous opposer \u00e0 tous les cookies tiers depuis votre navigateur :<\/p>\n<p>1\/ si vous utilisez le navigateur Internet Explorer<br \/>\u2013 Dans Internet Explorer, cliquez sur le bouton \u00ab Outils \u00bb, puis sur \u00ab Options Internet \u00bb.<br \/>\u2013 Sous l\u2019onglet Confidentialit\u00e9, sous Cookies, activez l\u2019option Bloquer tous les cookies tiers, puis cliquez sur OK.<\/p>\n<p>2\/ si vous utilisez le navigateur Firefox<br \/>\u2013 Allez dans le menu \u00ab Outils \u00bb du navigateur puis s\u00e9lectionnez \u00ab Options \u00bb<br \/>\u2013 Cliquez sur l\u2019onglet \u00ab vie priv\u00e9e \u00bb, passez le param\u00e8tre \u00ab Accepter les cookies tiers \u00bb \u00e0 \u00ab jamais \u00bb, puis cliquez sur OK.<\/p>\n<p>3\/ si vous utilisez le navigateur Safari<br \/>\u2013 Dans votre navigateur, choisissez le menu \u00ab \u00c9dition \u00bb puis s\u00e9lectionnez \u00ab Pr\u00e9f\u00e9rences \u00bb.<br \/>\u2013 Cliquez sur \u00ab Confidentialit\u00e9 \u00bb.<br \/>\u2013 Positionner le r\u00e9glage \u00ab Bloquer les cookies sur \u00ab Des tierces parties et des annonceurs \u00bb puis cliquez sur OK.<\/p>\n<p>4\/ si vous utilisez le navigateur Google Chrome<br \/>\u2013 Cliquez sur le menu Chrome dans la barre d\u2019outils du navigateur.<br \/>\u2013 S\u00e9lectionnez \u00ab Param\u00e8tres \u00bb.<br \/>\u2013 Cliquez sur \u00ab Afficher les param\u00e8tres avanc\u00e9s \u00bb.<br \/>\u2013 Dans la section \u00ab Confidentialit\u00e9 \u00bb, cliquez sur le bouton \u00ab Param\u00e8tres de contenu \u00bb.<br \/>\u2013 Dans la section \u00ab Cookies \u00bb, cochez la case \u00ab Bloquer les cookies et les donn\u00e9es de site tiers \u00bb, puis cliquez sur OK.<\/p>\n<p>QUAND ?<br \/>Nous collectons vos donn\u00e9es notamment quand :<\/p>\n<p>Vous cr\u00e9ez un compte utilisateur,<br \/>Vous utilisez notre formulaire de contact,<br \/>Vous utilisez la fonctionnalit\u00e9 de tchat,<br \/>Vous naviguez sur notre site et consultez nos produits et services,<br \/>Vous achetez un des nos services.<\/p>\n<p>QUELLES FINALIT\u00c9S ?<br \/>Nous utilisons vos donn\u00e9es personnelles pour :<\/p>\n<p>vous permettre d\u2019utiliser nos services ;<br \/>vous informer sur les services pour lesquels vous avez exprim\u00e9 un int\u00e9r\u00eat et qui vous sont propos\u00e9s sur notre site ;<br \/>vous proposer des offres publicitaires et des informations sur notre site en rapport avec vos centres d\u2019int\u00e9r\u00eat ;<br \/>nous permettre d\u2019\u00e9tablir des statistiques et comptages de fr\u00e9quentation et d\u2019utilisation des diverses rubriques et contenus de notre site et de nos services notamment afin d\u2019adapter lesdites rubriques et lesdits contenus en fonction de votre navigation.<br \/>Le cas \u00e9ch\u00e9ant, le formulaire de collecte pourra \u00eatre accompagn\u00e9 d\u2019une case \u00e0 cocher vous permettant d\u2019accepter ou de refuser que vos donn\u00e9es soient utilis\u00e9es \u00e0 des fins commerciales pour le compte de tiers, et\/ou c\u00e9d\u00e9es \u00e0 des tiers.<\/p>\n<p>COOKIES<br \/>Pour vous informer sur l\u2019utilisation faite des cookies sur notre site, sur vos droits et vos moyens de vous y opposer, vous pouvez consulter la page sp\u00e9cialement consacr\u00e9e \u00e0 cette th\u00e9matique en cliquant <a href=\"https:\/\/visitesguidees-saintmalo.com\/en\/cookies\/\">ici<\/a>.<\/p>\n<p>QUELS DESTINATAIRES ?<br \/>Les donn\u00e9es collect\u00e9es sur notre site sont exclusivement destin\u00e9es \u00e0 Alexandra Durand, \u00e9diteur du site. Toute transmission de ces donn\u00e9es \u00e0 des soci\u00e9t\u00e9s tierces est soumise \u00e0 votre consentement pr\u00e9alable.<\/p>\n<p><strong>3. QUELS SONT VOS DROITS ?<\/strong><br \/>Conform\u00e9ment \u00e0 la loi Informatique et Libert\u00e9s du 6 janvier 1978 modifi\u00e9e par la loi du 6 ao\u00fbt 2004, vous disposez de droits d\u2019acc\u00e8s, de rectification et d\u2019opposition aux donn\u00e9es personnelles vous concernant. Vous pouvez exercer ces droits :<\/p>\n<p>par voie postale \u00e0 l\u2019adresse suivante : Alexandra DURAND &#8211; 1, rue du Bournay 35400 Saint-Malo<br \/>ou par courrier \u00e9lectronique \u00e0 l\u2019adresse : contact@alexandradurand.com<br \/>Un justificatif d\u2019identit\u00e9 pourra vous \u00eatre demand\u00e9 par voie postale \u00e0 l\u2019adresse pr\u00e9cit\u00e9e.<\/p>\n<p>[\/et_pb_text][\/et_pb_column][\/et_pb_row][\/et_pb_section]<\/p>\n","protected":false},"excerpt":{"rendered":"<p>Privacy policySoucieuse de la protection de votre vie priv\u00e9e, Alexandra Durand s\u2019engage \u00e0 assurer le meilleur niveau de protection de vos donn\u00e9es personnelles conform\u00e9ment \u00e0 la loi Informatique et Libert\u00e9s du 6 janvier 1978 modifi\u00e9e par la loi du 6 ao\u00fbt 2004. Notre politique de protection de la vie priv\u00e9e vous permet d\u2019en savoir plus [&hellip;]<\/p>\n","protected":false},"author":1,"featured_media":0,"parent":0,"menu_order":0,"comment_status":"closed","ping_status":"closed","template":"","meta":{"_et_pb_use_builder":"on","_et_pb_old_content":"","_et_gb_content_width":"","footnotes":""},"class_list":["post-743","page","type-page","status-publish","hentry"],"_links":{"self":[{"href":"https:\/\/visitesguidees-saintmalo.com\/en\/wp-json\/wp\/v2\/pages\/743","targetHints":{"allow":["GET"]}}],"collection":[{"href":"https:\/\/visitesguidees-saintmalo.com\/en\/wp-json\/wp\/v2\/pages"}],"about":[{"href":"https:\/\/visitesguidees-saintmalo.com\/en\/wp-json\/wp\/v2\/types\/page"}],"author":[{"embeddable":true,"href":"https:\/\/visitesguidees-saintmalo.com\/en\/wp-json\/wp\/v2\/users\/1"}],"replies":[{"embeddable":true,"href":"https:\/\/visitesguidees-saintmalo.com\/en\/wp-json\/wp\/v2\/comments?post=743"}],"version-history":[{"count":4,"href":"https:\/\/visitesguidees-saintmalo.com\/en\/wp-json\/wp\/v2\/pages\/743\/revisions"}],"predecessor-version":[{"id":1122,"href":"https:\/\/visitesguidees-saintmalo.com\/en\/wp-json\/wp\/v2\/pages\/743\/revisions\/1122"}],"wp:attachment":[{"href":"https:\/\/visitesguidees-saintmalo.com\/en\/wp-json\/wp\/v2\/media?parent=743"}],"curies":[{"name":"wp","href":"https:\/\/api.w.org\/{rel}","templated":true}]}}