{"id":739,"date":"2021-04-16T07:09:36","date_gmt":"2021-04-16T07:09:36","guid":{"rendered":"https:\/\/visitesguidees-saintmalo.com\/cookies\/"},"modified":"2021-05-06T12:17:01","modified_gmt":"2021-05-06T12:17:01","slug":"cookies","status":"publish","type":"page","link":"https:\/\/visitesguidees-saintmalo.com\/en\/cookies\/","title":{"rendered":"Cookies"},"content":{"rendered":"<p>[et_pb_section fb_built=&#8221;1&#8243; custom_padding_last_edited=&#8221;on|phone&#8221; admin_label=&#8221;Header&#8221; _builder_version=&#8221;4.9.3&#8243; background_color=&#8221;#429dd6&#8243; background_enable_image=&#8221;off&#8221; background_blend=&#8221;color&#8221; custom_padding=&#8221;50px||50px||false|false&#8221; custom_padding_tablet=&#8221;50px||50px||true|false&#8221; custom_padding_phone=&#8221;25px||25px||true|false&#8221; da_disable_devices=&#8221;off|off|off&#8221; locked=&#8221;off&#8221; collapsed=&#8221;off&#8221; da_is_popup=&#8221;off&#8221; da_exit_intent=&#8221;off&#8221; da_has_close=&#8221;on&#8221; da_alt_close=&#8221;off&#8221; da_dark_close=&#8221;off&#8221; da_not_modal=&#8221;on&#8221; da_is_singular=&#8221;off&#8221; da_with_loader=&#8221;off&#8221; da_has_shadow=&#8221;on&#8221;][et_pb_row _builder_version=&#8221;3.25&#8243; custom_margin=&#8221;|||&#8221;][et_pb_column type=&#8221;4_4&#8243; _builder_version=&#8221;3.25&#8243; custom_padding=&#8221;|||&#8221; custom_padding__hover=&#8221;|||&#8221;][et_pb_text admin_label=&#8221;CTA Section Title&#8221; _builder_version=&#8221;4.9.3&#8243; text_font=&#8221;||||&#8221; header_font=&#8221;Oswald|on||on|&#8221; header_text_align=&#8221;center&#8221; header_font_size=&#8221;40px&#8221; header_line_height=&#8221;1.3em&#8221; background_layout=&#8221;dark&#8221; module_alignment=&#8221;center&#8221; custom_margin=&#8221;|||&#8221; custom_padding=&#8221;|||&#8221; animation_style=&#8221;zoom&#8221; animation_delay=&#8221;100ms&#8221; animation_intensity_zoom=&#8221;20%&#8221; header_font_size_tablet=&#8221;&#8221; header_font_size_phone=&#8221;36px&#8221; header_font_size_last_edited=&#8221;on|phone&#8221; locked=&#8221;off&#8221;]<\/p>\n<h1>Cookies<\/h1>\n<p>[\/et_pb_text][et_pb_divider color=&#8221;#ffffff&#8221; divider_position=&#8221;center&#8221; divider_weight=&#8221;3px&#8221; disabled_on=&#8221;off|off|off&#8221; _builder_version=&#8221;3.2&#8243; max_width=&#8221;150px&#8221; module_alignment=&#8221;center&#8221; height=&#8221;false&#8221; animation_style=&#8221;zoom&#8221; animation_delay=&#8221;200ms&#8221; animation_intensity_zoom=&#8221;20%&#8221; locked=&#8221;off&#8221;][\/et_pb_divider][\/et_pb_column][\/et_pb_row][\/et_pb_section][et_pb_section fb_built=&#8221;1&#8243; custom_padding_last_edited=&#8221;on|phone&#8221; admin_label=&#8221;Intro&#8221; _builder_version=&#8221;4.9.3&#8243; custom_padding=&#8221;60px||0px||false|false&#8221; custom_padding_tablet=&#8221;0px||0px|&#8221; custom_padding_phone=&#8221;30px||||false|false&#8221; da_disable_devices=&#8221;off|off|off&#8221; collapsed=&#8221;off&#8221; da_is_popup=&#8221;off&#8221; da_exit_intent=&#8221;off&#8221; da_has_close=&#8221;on&#8221; da_alt_close=&#8221;off&#8221; da_dark_close=&#8221;off&#8221; da_not_modal=&#8221;on&#8221; da_is_singular=&#8221;off&#8221; da_with_loader=&#8221;off&#8221; da_has_shadow=&#8221;on&#8221;][et_pb_row _builder_version=&#8221;4.9.3&#8243; _module_preset=&#8221;default&#8221; custom_margin=&#8221;0px||50px||false|false&#8221; custom_padding=&#8221;0px||||false|false&#8221; collapsed=&#8221;off&#8221;][et_pb_column type=&#8221;4_4&#8243; _builder_version=&#8221;4.9.3&#8243; _module_preset=&#8221;default&#8221;][et_pb_text _builder_version=&#8221;4.9.3&#8243; _module_preset=&#8221;default&#8221; text_font_size=&#8221;16px&#8221; header_2_font=&#8221;|600|||||||&#8221; header_2_text_color=&#8221;#429dd6&#8243; header_2_font_size=&#8221;22px&#8221;]<\/p>\n<p><strong>COOKIES STRICTEMENT N\u00c9CESSAIRES \u00c0 L\u2019UTILISATION DU SERVICE DEMAND\u00c9<\/strong><br \/>Ils permettent l\u2019utilisation des principales fonctionnalit\u00e9s du site, comme l\u2019acc\u00e8s \u00e0 votre compte personnel, ou encore de m\u00e9moriser les pr\u00e9f\u00e9rences d\u2019affichage de votre terminal (langue, param\u00e8tres d\u2019affichage) et d\u2019en tenir compte lors de vos visites, selon la charte graphique et les logiciels de visualisation ou de lecture de votre terminal. Ils peuvent inclure des cookies de r\u00e9seaux sociaux lorsque vous interagissez avec ces derniers. Ils nous permettent aussi de lier entre elles les diff\u00e9rentes pages consult\u00e9es pour vous assurer une navigation fluide.<\/p>\n<p>Vous pouvez d\u00e9sactiver compl\u00e8tement les cookies dans votre navigateur. Dans ce cas notre site ne fonctionnera plus normalement mais vous pourrez quand m\u00eame effectuer des actions basiques.<\/p>\n<p>1\/ si vous utilisez le navigateur Internet Explorer<br \/>\u2013 Dans Internet Explorer, cliquez sur le bouton \u00ab Outils \u00bb, puis sur \u00ab Options Internet \u00bb.<br \/>\u2013 Sous l\u2019onglet Confidentialit\u00e9 d\u00e9placez le curseur vers le haut pour bloquer tous les cookies ou vers le bas pour autoriser tous les cookies, puis cliquez sur OK.<\/p>\n<p>2\/ si vous utilisez le navigateur Firefox<br \/>\u2013 Allez dans le menu \u00ab Outils \u00bb du navigateur puis s\u00e9lectionnez le menu \u00ab Options \u00bb<br \/>\u2013 Cliquez sur l\u2019onglet \u00ab vie priv\u00e9e \u00bb, d\u00e9cochez la case \u00ab Accepter les cookies \u00bb puis cliquez sur OK.<\/p>\n<p>3\/ si vous utilisez le navigateur Safari<br \/>\u2013 Dans voter navigateur, choisissez le menu \u00ab \u00c9dition \u00bb puis s\u00e9lectionnez \u00ab Pr\u00e9f\u00e9rences \u00bb.<br \/>\u2013 Cliquez sur \u00ab Confidentialit\u00e9 \u00bb.<br \/>\u2013 Positionner le r\u00e9glage \u00ab Bloquer les cookies sur \u00ab Toujours \u00bb puis cliquez sur OK.<\/p>\n<p>4\/ si vous utilisez le navigateur Google Chrome<br \/>\u2013 Cliquez sur le menu Chrome dans la barre d\u2019outils du navigateur.<br \/>\u2013 S\u00e9lectionnez \u00ab Param\u00e8tres \u00bb.<br \/>\u2013 Cliquez sur \u00ab Afficher les param\u00e8tres avanc\u00e9s \u00bb.<br \/>\u2013 Dans la section \u00ab Confidentialit\u00e9 \u00bb, cliquez sur le bouton \u00ab Param\u00e8tres de contenu \u00bb.<br \/>\u2013 Dans la section \u00ab Cookies \u00bb, s\u00e9lectionner \u00ab Interdire \u00e0 tous les sites de stocker des donn\u00e9es \u00bb et cochez la case \u00ab Bloquer les cookies et les donn\u00e9es de site tiers \u00bb, puis cliquez sur OK.<\/p>\n<p><strong>COOKIES DE MESURE D\u2019AUDIENCE ET DE STATISTIQUES<\/strong><br \/>Ils nous permettent de faire vivre le site et d\u2019\u00e9tablir des statistiques et comptages de fr\u00e9quentation et d\u2019utilisation de ses rubriques et contenus, pour r\u00e9aliser des \u00e9tudes afin d\u2019am\u00e9liorer le contenu (mesure du nombre de visites, de pages vues ou encore de l\u2019activit\u00e9 des visiteurs sur le site et de leur fr\u00e9quence de retour). Ils nous permettent \u00e9galement d\u2019analyser la navigation des internautes afin d\u2019am\u00e9liorer notre service ou de d\u00e9tecter des dysfonctionnements.<\/p>\n<p>Vous pouvez d\u00e9sactiver les cookies de notre outil de mesure d\u2019audience Google Analytics en cliquant <a href=\"https:\/\/tools.google.com\/dlpage\/gaoptout\" target=\"_blank\" rel=\"noopener\">ici<\/a>.<\/p>\n<p>La CNIL propose par ailleurs sur son site \u00e0 l\u2019adresse http:\/\/www.cnil.fr\/vos-droits\/vos-traces\/les-cookies\/conseils-aux-internautes un large panel d\u2019outils permettant de limiter la tra\u00e7abilit\u00e9 de votre navigation sur Internet : extensions pour votre navigateur permettant de bloquer les traceurs, les boutons de partage sur les r\u00e9seaux sociaux, le chargement de ressources en provenance d\u2019autres sites\u2026<\/p>\n<p><strong>COOKIES PUBLICITAIRES DE SOCI\u00c9T\u00c9S PARTENAIRES<\/strong><br \/>Ils sont susceptibles d\u2019\u00eatre plac\u00e9s dans votre terminal, afin d\u2019identifier vos centres d\u2019int\u00e9r\u00eat au travers des produits consult\u00e9s sur notre site et de collecter des donn\u00e9es de navigation afin de personnaliser l\u2019offre publicitaire qui vous est adress\u00e9e sur et en dehors de nos sites.<\/p>\n<p>Vous pouvez d\u00e9sactiver les cookies de notre outil de mesure d\u2019audience Google Analytics en cliquant <a href=\"https:\/\/tools.google.com\/dlpage\/gaoptout\" target=\"_blank\" rel=\"noopener\">ici<\/a>.<\/p>\n<p>Vous pouvez vous opposer \u00e0 tous les cookies tiers depuis votre navigateur :<\/p>\n<p>1\/ si vous utilisez le navigateur Internet Explorer<br \/>\u2013 Dans Internet Explorer, cliquez sur le bouton \u00ab Outils \u00bb, puis sur \u00ab Options Internet \u00bb.<br \/>\u2013 Sous l\u2019onglet Confidentialit\u00e9, sous Cookies, activez l\u2019option Bloquer tous les cookies tiers, puis cliquez sur OK.<\/p>\n<p>2\/ si vous utilisez le navigateur Firefox<br \/>\u2013 Allez dans le menu \u00ab Outils \u00bb du navigateur puis s\u00e9lectionnez \u00ab Options \u00bb<br \/>\u2013 Cliquez sur l\u2019onglet \u00ab vie priv\u00e9e \u00bb, passez le param\u00e8tre \u00ab Accepter les cookies tiers \u00bb \u00e0 \u00ab jamais \u00bb, puis cliquez sur OK.<\/p>\n<p>3\/ si vous utilisez le navigateur Safari<br \/>\u2013 Dans votre navigateur, choisissez le menu \u00ab \u00c9dition \u00bb puis s\u00e9lectionnez \u00ab Pr\u00e9f\u00e9rences \u00bb.<br \/>\u2013 Cliquez sur \u00ab Confidentialit\u00e9 \u00bb.<br \/>\u2013 Positionner le r\u00e9glage \u00ab Bloquer les cookies sur \u00ab Des tierces parties et des annonceurs \u00bb puis cliquez sur OK.<\/p>\n<p>4\/ si vous utilisez le navigateur Google Chrome<br \/>\u2013 Cliquez sur le menu Chrome dans la barre d\u2019outils du navigateur.<br \/>\u2013 S\u00e9lectionnez \u00ab Param\u00e8tres \u00bb.<br \/>\u2013 Cliquez sur \u00ab Afficher les param\u00e8tres avanc\u00e9s \u00bb.<br \/>\u2013 Dans la section \u00ab Confidentialit\u00e9 \u00bb, cliquez sur le bouton \u00ab Param\u00e8tres de contenu \u00bb.<br \/>\u2013 Dans la section \u00ab Cookies \u00bb, cochez la case \u00ab Bloquer les cookies et les donn\u00e9es de site tiers \u00bb, puis cliquez sur OK.<\/p>\n<p>[\/et_pb_text][\/et_pb_column][\/et_pb_row][\/et_pb_section]<\/p>\n","protected":false},"excerpt":{"rendered":"<p>CookiesCOOKIES STRICTEMENT N\u00c9CESSAIRES \u00c0 L\u2019UTILISATION DU SERVICE DEMAND\u00c9Ils permettent l\u2019utilisation des principales fonctionnalit\u00e9s du site, comme l\u2019acc\u00e8s \u00e0 votre compte personnel, ou encore de m\u00e9moriser les pr\u00e9f\u00e9rences d\u2019affichage de votre terminal (langue, param\u00e8tres d\u2019affichage) et d\u2019en tenir compte lors de vos visites, selon la charte graphique et les logiciels de visualisation ou de lecture de [&hellip;]<\/p>\n","protected":false},"author":1,"featured_media":0,"parent":0,"menu_order":0,"comment_status":"closed","ping_status":"closed","template":"","meta":{"_et_pb_use_builder":"on","_et_pb_old_content":"","_et_gb_content_width":"","footnotes":""},"class_list":["post-739","page","type-page","status-publish","hentry"],"_links":{"self":[{"href":"https:\/\/visitesguidees-saintmalo.com\/en\/wp-json\/wp\/v2\/pages\/739","targetHints":{"allow":["GET"]}}],"collection":[{"href":"https:\/\/visitesguidees-saintmalo.com\/en\/wp-json\/wp\/v2\/pages"}],"about":[{"href":"https:\/\/visitesguidees-saintmalo.com\/en\/wp-json\/wp\/v2\/types\/page"}],"author":[{"embeddable":true,"href":"https:\/\/visitesguidees-saintmalo.com\/en\/wp-json\/wp\/v2\/users\/1"}],"replies":[{"embeddable":true,"href":"https:\/\/visitesguidees-saintmalo.com\/en\/wp-json\/wp\/v2\/comments?post=739"}],"version-history":[{"count":5,"href":"https:\/\/visitesguidees-saintmalo.com\/en\/wp-json\/wp\/v2\/pages\/739\/revisions"}],"predecessor-version":[{"id":1113,"href":"https:\/\/visitesguidees-saintmalo.com\/en\/wp-json\/wp\/v2\/pages\/739\/revisions\/1113"}],"wp:attachment":[{"href":"https:\/\/visitesguidees-saintmalo.com\/en\/wp-json\/wp\/v2\/media?parent=739"}],"curies":[{"name":"wp","href":"https:\/\/api.w.org\/{rel}","templated":true}]}}