{"id":729,"date":"2021-04-16T07:08:48","date_gmt":"2021-04-16T07:08:48","guid":{"rendered":"https:\/\/visitesguidees-saintmalo.com\/mentions-legales\/"},"modified":"2021-05-06T12:50:05","modified_gmt":"2021-05-06T12:50:05","slug":"legal-notice","status":"publish","type":"page","link":"https:\/\/visitesguidees-saintmalo.com\/en\/legal-notice\/","title":{"rendered":"Legal notice"},"content":{"rendered":"<p>[et_pb_section fb_built=&#8221;1&#8243; custom_padding_last_edited=&#8221;on|phone&#8221; admin_label=&#8221;Header&#8221; _builder_version=&#8221;4.9.3&#8243; background_color=&#8221;#429dd6&#8243; background_enable_image=&#8221;off&#8221; background_blend=&#8221;color&#8221; custom_padding=&#8221;50px||50px||false|false&#8221; custom_padding_tablet=&#8221;50px||50px||false|false&#8221; custom_padding_phone=&#8221;25px||25px||false|false&#8221; da_disable_devices=&#8221;off|off|off&#8221; locked=&#8221;off&#8221; collapsed=&#8221;off&#8221; da_is_popup=&#8221;off&#8221; da_exit_intent=&#8221;off&#8221; da_has_close=&#8221;on&#8221; da_alt_close=&#8221;off&#8221; da_dark_close=&#8221;off&#8221; da_not_modal=&#8221;on&#8221; da_is_singular=&#8221;off&#8221; da_with_loader=&#8221;off&#8221; da_has_shadow=&#8221;on&#8221;][et_pb_row _builder_version=&#8221;3.25&#8243; custom_margin=&#8221;|||&#8221;][et_pb_column type=&#8221;4_4&#8243; _builder_version=&#8221;3.25&#8243; custom_padding=&#8221;|||&#8221; custom_padding__hover=&#8221;|||&#8221;][et_pb_text admin_label=&#8221;CTA Section Title&#8221; _builder_version=&#8221;4.9.3&#8243; text_font=&#8221;||||&#8221; header_font=&#8221;Oswald|on||on|&#8221; header_text_align=&#8221;center&#8221; header_font_size=&#8221;40px&#8221; header_line_height=&#8221;1.3em&#8221; background_layout=&#8221;dark&#8221; module_alignment=&#8221;center&#8221; custom_margin=&#8221;|||&#8221; custom_padding=&#8221;|||&#8221; animation_style=&#8221;zoom&#8221; animation_delay=&#8221;100ms&#8221; animation_intensity_zoom=&#8221;20%&#8221; header_font_size_tablet=&#8221;&#8221; header_font_size_phone=&#8221;36px&#8221; header_font_size_last_edited=&#8221;on|desktop&#8221; locked=&#8221;off&#8221;]<\/p>\n<h1>Legal notice<\/h1>\n<p>[\/et_pb_text][et_pb_divider color=&#8221;#ffffff&#8221; divider_position=&#8221;center&#8221; divider_weight=&#8221;3px&#8221; disabled_on=&#8221;off|off|off&#8221; _builder_version=&#8221;3.2&#8243; max_width=&#8221;150px&#8221; module_alignment=&#8221;center&#8221; height=&#8221;false&#8221; animation_style=&#8221;zoom&#8221; animation_delay=&#8221;200ms&#8221; animation_intensity_zoom=&#8221;20%&#8221; locked=&#8221;off&#8221;][\/et_pb_divider][\/et_pb_column][\/et_pb_row][\/et_pb_section][et_pb_section fb_built=&#8221;1&#8243; custom_padding_last_edited=&#8221;on|phone&#8221; admin_label=&#8221;Intro&#8221; _builder_version=&#8221;4.9.3&#8243; custom_padding=&#8221;60px||0px||false|false&#8221; custom_padding_tablet=&#8221;0px||0px|&#8221; custom_padding_phone=&#8221;30px||||false|false&#8221; da_disable_devices=&#8221;off|off|off&#8221; collapsed=&#8221;off&#8221; da_is_popup=&#8221;off&#8221; da_exit_intent=&#8221;off&#8221; da_has_close=&#8221;on&#8221; da_alt_close=&#8221;off&#8221; da_dark_close=&#8221;off&#8221; da_not_modal=&#8221;on&#8221; da_is_singular=&#8221;off&#8221; da_with_loader=&#8221;off&#8221; da_has_shadow=&#8221;on&#8221;][et_pb_row _builder_version=&#8221;4.9.3&#8243; _module_preset=&#8221;default&#8221; custom_margin=&#8221;0px||50px||false|false&#8221; custom_padding=&#8221;0px||||false|false&#8221; collapsed=&#8221;off&#8221;][et_pb_column type=&#8221;4_4&#8243; _builder_version=&#8221;4.9.3&#8243; _module_preset=&#8221;default&#8221;][et_pb_text _builder_version=&#8221;4.9.3&#8243; _module_preset=&#8221;default&#8221; hover_enabled=&#8221;0&#8243; sticky_enabled=&#8221;0&#8243;]<strong>IDENTIFICATION DE L\u2019EDITEUR<\/strong><br \/>\nAlexandra Durand<\/p>\n<p>1, rue du Bournay<br \/>\n35400 Saint-Malo<\/p>\n<p>06 35 24 86 54<\/p>\n<p>Carte de guide n\u00b0 GC183510P<\/p>\n<p>Siret : 52017827800062<\/p>\n<p>Directeur de la publication : Alexandra Durand<\/p>\n<p><strong>CONCEPTION GRAPHIQUE, REFERENCEMENT ET SUPPORT TECHNIQUE<\/strong><br \/>\ne-ssentiel<\/p>\n<p>5 Rue de la Gait\u00e9<br \/>\n35400 Saint Malo<\/p>\n<p>06 07 15 78 48<\/p>\n<p>Siret : 84109728000025<\/p>\n<p>Site Web : www.e-ssentiel.fr<\/p>\n<p><strong>HEBERGEMENT<\/strong><br \/>\n1&amp;1 Ionos Internet SARL<\/p>\n<p>SARL au capital de 100 000 EUROS \u2013 RCS Sarreguemines B 431 303 775 \u2013 SIRET 431 303 775 000 16 \u2013 Code APE : 6201Z \u2013 Identification intracommunautaire FR 13 431303775<\/p>\n<p>Si\u00e8ge social : 7, place de la Gare \u2013 BP 70109 \u2013 57201 Sarreguemines Cedex<\/p>\n<p><strong>TRAITEMENT DES DONNEES A CARACTERE PERSONNEL<\/strong><br \/>\nConform\u00e9ment aux dispositions de la loi n\u00b0 78-17 du 6 janvier 1978 relative \u00e0 l\u2019informatique, aux fichiers et aux libert\u00e9s, vous disposez d\u2019un droit d\u2019acc\u00e8s, de modification, de rectification et de suppression des donn\u00e9es qui vous concernent. Pour demander une modification, rectification ou suppression des donn\u00e9es vous concernant, il vous suffit d\u2019envoyer un courrier par voie \u00e9lectronique ou postale \u00e0 la Direction de l\u2019information l\u00e9gale et administrative en justifiant de votre identit\u00e9.<\/p>\n<p><strong>LIENS HYPERTEXTES (RESPONSABILITE)<\/strong><br \/>\nLe pr\u00e9sent site ne contr\u00f4le pas les sites en connexion avec le sien, et ne saurait donc \u00eatre responsable de leur contenu. Les risques li\u00e9s \u00e0 l\u2019utilisation de ces sites incombent pleinement \u00e0 l\u2019utilisateur. Il se conformera \u00e0 leurs conditions d\u2019utilisation.<\/p>\n<p><strong>PROPRIETE INTELLECTUELLE<\/strong><br \/>\nEn accord avec les lois r\u00e9gissant la propri\u00e9t\u00e9 intellectuelle, la reproduction ou l\u2019utilisation des \u00e9l\u00e9ments se trouvant dans ce site Internet, en totalit\u00e9 ou en partie est strictement interdite. Seules sont maintenues les exceptions l\u00e9gales dont notamment la repr\u00e9sentation dans le cadre du cercle de famille, la copie priv\u00e9e ou le droit de courte citation.<\/p>\n<p>Ainsi, tous les textes, photos, logos, marques et autres \u00e9l\u00e9ments reproduits sur ce site sont r\u00e9serv\u00e9s et prot\u00e9g\u00e9s par le droit de la propri\u00e9t\u00e9 intellectuelle. (Droit auteur, droit voisin, droit des marques\u2026).<\/p>\n<p>Toute repr\u00e9sentation totale ou partielle de ce site par quelque proc\u00e9d\u00e9 que ce soit, sans l\u2019autorisation expresse de l\u2019exploitant du site Internet est interdite et constituerait une contrefa\u00e7on sanctionn\u00e9e par les articles L 335-2 et suivants du Code de la propri\u00e9t\u00e9 intellectuelle.<\/p>\n<p>Il en est de m\u00eame des \u00e9ventuelles bases de donn\u00e9es figurant sur le site Internet qui sont prot\u00e9g\u00e9es par les dispositions de la loi du 11 juillet 1998 portant transposition dans le Code de la propri\u00e9t\u00e9 intellectuelle (CPI) de la directive europ\u00e9enne du 11 mars 1996 relative \u00e0 la protection juridique des bases de donn\u00e9es.<\/p>\n<p><strong>UTILISATION DES COOKIES<\/strong><br \/>\nLa navigation sur ce site est susceptible de provoquer l\u2019installation de cookie(s) sur l\u2019ordinateur de l\u2019utilisateur. Un cookie est un fichier de petite taille, qui ne permet pas l\u2019identification de l\u2019utilisateur, mais qui enregistre des informations relatives \u00e0 la navigation d\u2019un ordinateur sur un site. Les donn\u00e9es ainsi obtenues visent \u00e0 faciliter la navigation ult\u00e9rieure sur le site, et ont \u00e9galement vocation \u00e0 permettre diverses mesures de fr\u00e9quentation.<\/p>\n<p><strong>CR\u00c9DITS PHOTOS<\/strong><br \/>\n<a href=\"http:\/\/www.etienad.com\/\" target=\"_blank\" rel=\"noopener\">EtiEnAD<\/a><br \/>\nAlexandra Durand[\/et_pb_text][\/et_pb_column][\/et_pb_row][\/et_pb_section]<\/p>\n","protected":false},"excerpt":{"rendered":"<p>Legal noticeIDENTIFICATION DE L\u2019EDITEUR Alexandra Durand 1, rue du Bournay 35400 Saint-Malo 06 35 24 86 54 Carte de guide n\u00b0 GC183510P Siret : 52017827800062 Directeur de la publication : Alexandra Durand CONCEPTION GRAPHIQUE, REFERENCEMENT ET SUPPORT TECHNIQUE e-ssentiel 5 Rue de la Gait\u00e9 35400 Saint Malo 06 07 15 78 48 Siret : 84109728000025 [&hellip;]<\/p>\n","protected":false},"author":1,"featured_media":0,"parent":0,"menu_order":0,"comment_status":"closed","ping_status":"closed","template":"","meta":{"_et_pb_use_builder":"on","_et_pb_old_content":"","_et_gb_content_width":"","footnotes":""},"class_list":["post-729","page","type-page","status-publish","hentry"],"_links":{"self":[{"href":"https:\/\/visitesguidees-saintmalo.com\/en\/wp-json\/wp\/v2\/pages\/729","targetHints":{"allow":["GET"]}}],"collection":[{"href":"https:\/\/visitesguidees-saintmalo.com\/en\/wp-json\/wp\/v2\/pages"}],"about":[{"href":"https:\/\/visitesguidees-saintmalo.com\/en\/wp-json\/wp\/v2\/types\/page"}],"author":[{"embeddable":true,"href":"https:\/\/visitesguidees-saintmalo.com\/en\/wp-json\/wp\/v2\/users\/1"}],"replies":[{"embeddable":true,"href":"https:\/\/visitesguidees-saintmalo.com\/en\/wp-json\/wp\/v2\/comments?post=729"}],"version-history":[{"count":6,"href":"https:\/\/visitesguidees-saintmalo.com\/en\/wp-json\/wp\/v2\/pages\/729\/revisions"}],"predecessor-version":[{"id":1125,"href":"https:\/\/visitesguidees-saintmalo.com\/en\/wp-json\/wp\/v2\/pages\/729\/revisions\/1125"}],"wp:attachment":[{"href":"https:\/\/visitesguidees-saintmalo.com\/en\/wp-json\/wp\/v2\/media?parent=729"}],"curies":[{"name":"wp","href":"https:\/\/api.w.org\/{rel}","templated":true}]}}