{"id":845,"date":"2021-04-16T06:56:57","date_gmt":"2021-04-16T06:56:57","guid":{"rendered":"https:\/\/visitesguidees-saintmalo.com\/cgv\/"},"modified":"2021-05-04T07:34:27","modified_gmt":"2021-05-04T07:34:27","slug":"allgemeine-verkaufsbedingungen","status":"publish","type":"page","link":"https:\/\/visitesguidees-saintmalo.com\/de\/allgemeine-verkaufsbedingungen\/","title":{"rendered":"Allgemeine Verkaufsbedingungen"},"content":{"rendered":"<p>[et_pb_section fb_built=&#8220;1&#8243; custom_padding_last_edited=&#8220;on|tablet&#8220; admin_label=&#8220;Header&#8220; _builder_version=&#8220;4.9.3&#8243; background_color=&#8220;#429dd6&#8243; background_enable_image=&#8220;off&#8220; background_blend=&#8220;color&#8220; custom_padding=&#8220;50px||50px||true|false&#8220; custom_padding_tablet=&#8220;50px||50px||true|false&#8220; custom_padding_phone=&#8220;25px||25px||true|false&#8220; da_disable_devices=&#8220;off|off|off&#8220; locked=&#8220;off&#8220; collapsed=&#8220;off&#8220; da_is_popup=&#8220;off&#8220; da_exit_intent=&#8220;off&#8220; da_has_close=&#8220;on&#8220; da_alt_close=&#8220;off&#8220; da_dark_close=&#8220;off&#8220; da_not_modal=&#8220;on&#8220; da_is_singular=&#8220;off&#8220; da_with_loader=&#8220;off&#8220; da_has_shadow=&#8220;on&#8220;][et_pb_row _builder_version=&#8220;3.25&#8243; custom_margin=&#8220;|||&#8220;][et_pb_column type=&#8220;4_4&#8243; _builder_version=&#8220;3.25&#8243; custom_padding=&#8220;|||&#8220; custom_padding__hover=&#8220;|||&#8220;][et_pb_text admin_label=&#8220;CTA Section Title&#8220; _builder_version=&#8220;4.9.3&#8243; text_font=&#8220;||||&#8220; header_font=&#8220;Oswald|on||on|&#8220; header_text_align=&#8220;center&#8220; header_font_size=&#8220;40px&#8220; header_line_height=&#8220;1.3em&#8220; background_layout=&#8220;dark&#8220; module_alignment=&#8220;center&#8220; custom_margin=&#8220;|||&#8220; custom_padding=&#8220;|||&#8220; animation_style=&#8220;zoom&#8220; animation_delay=&#8220;100ms&#8220; animation_intensity_zoom=&#8220;20%&#8220; header_font_size_tablet=&#8220;&#8220; header_font_size_phone=&#8220;36px&#8220; header_font_size_last_edited=&#8220;on|desktop&#8220; locked=&#8220;off&#8220;]<\/p>\n<h1>Allgemeine Verkaufsbedingungen 2021<\/h1>\n<p>[\/et_pb_text][et_pb_divider color=&#8220;#ffffff&#8220; divider_position=&#8220;center&#8220; divider_weight=&#8220;3px&#8220; disabled_on=&#8220;off|off|off&#8220; _builder_version=&#8220;3.2&#8243; max_width=&#8220;150px&#8220; module_alignment=&#8220;center&#8220; height=&#8220;false&#8220; animation_style=&#8220;zoom&#8220; animation_delay=&#8220;200ms&#8220; animation_intensity_zoom=&#8220;20%&#8220; locked=&#8220;off&#8220;][\/et_pb_divider][\/et_pb_column][\/et_pb_row][\/et_pb_section][et_pb_section fb_built=&#8220;1&#8243; custom_padding_last_edited=&#8220;on|phone&#8220; admin_label=&#8220;Intro&#8220; _builder_version=&#8220;4.9.3&#8243; custom_padding=&#8220;60px||0px||false|false&#8220; custom_padding_tablet=&#8220;0px||0px|&#8220; custom_padding_phone=&#8220;30px||||false|false&#8220; da_disable_devices=&#8220;off|off|off&#8220; collapsed=&#8220;off&#8220; da_is_popup=&#8220;off&#8220; da_exit_intent=&#8220;off&#8220; da_has_close=&#8220;on&#8220; da_alt_close=&#8220;off&#8220; da_dark_close=&#8220;off&#8220; da_not_modal=&#8220;on&#8220; da_is_singular=&#8220;off&#8220; da_with_loader=&#8220;off&#8220; da_has_shadow=&#8220;on&#8220;][et_pb_row _builder_version=&#8220;4.9.3&#8243; _module_preset=&#8220;default&#8220; custom_margin=&#8220;0px||50px||false|false&#8220; custom_padding=&#8220;0px||||false|false&#8220; collapsed=&#8220;off&#8220;][et_pb_column type=&#8220;4_4&#8243; _builder_version=&#8220;4.9.3&#8243; _module_preset=&#8220;default&#8220;][et_pb_text _builder_version=&#8220;4.9.3&#8243; _module_preset=&#8220;default&#8220; text_font_size=&#8220;16px&#8220; header_2_font=&#8220;|600|||||||&#8220; header_2_text_color=&#8220;#429dd6&#8243; header_2_font_size=&#8220;22px&#8220; hover_enabled=&#8220;0&#8243; sticky_enabled=&#8220;0&#8243;]<\/p>\n<h2>Artikel 1 &#8211; Vertrag<\/h2>\n<p>Die allgemeinen Verkaufsbedingungen geben die gegenseitigen Rechte und Pflichten zwischen Alexandra DURAND (Fremdenfu\u0308hrerausweis Nr. GC183510P) mit Sitz in 1, rue du Bournay 35400 Saint-Malo, Website www.visitesguidees-saintmalo.com, und ihrem Kunden an.<br \/>\nDie allgemeinen Verkaufsbedingungen gelten als ein von beiden Parteien genehmigter Vertrag zum Zeitpunkt der schriftlichen Auftragsbest\u00e4tigung durch den Kunden (siehe Artikel 4).<\/p>\n<h2>Artikel 2 &#8211; Leistungen<\/h2>\n<p>Alexandra DURAND verpflichtet sich, die bestellte(n) Dienstleistung(en) gem\u00e4\u00df den mit dem Kunden vereinbarten Bedingungen durchzufu\u0308hren: Ablauf und Inhalt des Besuchs, Termine, Zeiten, Treffpunkt, Ende der Dienstleistung, Preis.<br \/>\nZu den angebotenen Dienstleistungen geh\u00f6ren Fu\u0308hrungen, Vortr\u00e4ge, Kurse oder Begleitungen\/Transfers.<\/p>\n<h2>Artikel 3 &#8211; Preise<\/h2>\n<p>Die in den Werbematerialien (Prospekte, Tourenbeschreibungen, Website) angegebenen Preise sind Richtwerte. Der endgu\u0308ltige Preis wird mit dem Kunden vereinbart, nachdem der Service personalisiert wurde. Er wird in Euro und ohne Steuer berechnet und erscheint auf dem Kostenvoranschlag der Auftragsbest\u00e4tigung und der Endrechnung; die Mehrwertsteuer ist nicht anwendbar, Art. 293B des CGI.<\/p>\n<h2>Artikel 4 &#8211; Auftragsbest\u00e4tigung und Online-Buchung<\/h2>\n<p>Fu\u0308r jede Leistung wird vom Auftraggeber eine schriftliche Auftragsbest\u00e4tigung in Form eines kostenlosen Kostenvoranschlags erbeten, der die Kontaktdaten des Auftraggebers, die des anwesenden Gruppenleiters, Datum, Uhrzeit und Inhalt des Besuchs sowie den Gesamtpreis enth\u00e4lt.<br \/>\nDie Auftragsbest\u00e4tigung ist erst dann endgu\u0308ltig, wenn das schriftliche, datierte und unterschriebene Dokument mit der f\u00e4lligen Anzahlung versandt wird.<br \/>\nBei Buchungen, die ausschlie\u00dflich u\u0308ber das Internet erfolgen, ist die Registrierung einer Buchung auf der Website www.visitesguidees-saintmalo.com abgeschlossen, wenn der Kunde die vorliegenden Allgemeinen Gesch\u00e4ftsbedingungen durch Ankreuzen des dafu\u0308r vorgesehenen Feldes akzeptiert und seine Buchung best\u00e4tigt. Der Kunde hat die M\u00f6glichkeit, die Details seiner Reservierung und den Gesamtpreis zu u\u0308berpru\u0308fen und eventuelle Fehler zu korrigieren, bevor er seine Annahme best\u00e4tigt (Artikel 1127-2 des Bu\u0308rgerlichen Gesetzbuches). Diese Best\u00e4tigung impliziert die Annahme der Gesamtheit der vorliegenden Allgemeinen Verkaufsbedingungen und stellt den Beweis fu\u0308r den Kaufvertrag dar. Es liegt daher in der Verantwortung des Kunden, die Richtigkeit der Reservierung zu u\u0308berpru\u0308fen und jeden Fehler sofort zu melden. Der Verkauf von Dienstleistungen gilt erst dann als endgu\u0308ltig, wenn der Anbieter dem Kunden eine Best\u00e4tigung u\u0308ber die Annahme der Buchung per E-Mail geschickt hat und der Kunde den vollen Preis erhalten hat. Mit jeder Buchung auf der Website www.visitesguidees-saintmalo.com kommt ein Vertrag zwischen dem Kunden und dem Anbieter zustande. Alexandra DURAND beh\u00e4lt sich das Recht vor, jede Buchung eines Kunden zu stornieren oder abzulehnen, mit dem ein Streit u\u0308ber die Bezahlung einer fru\u0308heren Buchung besteht.<\/p>\n<h2>Artikel 5 &#8211; Anzahlung<\/h2>\n<p>Fu\u0308r jede Dienstleistung ist eine Anzahlung von 30 % des Gesamtbetrags erforderlich. Der Eingang dieser Anzahlung ist die endgu\u0308ltige Best\u00e4tigung des vom Kunden erteilten Auftrags.<br \/>\nDie Anzahlung muss sp\u00e4testens 15 (fu\u0308nfzehn) Kalendertage vor dem Termin der Dienstleistung geleistet werden. Der Kunde hat die M\u00f6glichkeit, die gesamte Leistung mit der Bestellung zu bezahlen.<\/p>\n<h2>Artikel 6 &#8211; \u00dcberstunden<\/h2>\n<p>Zus\u00e4tzliche, im Auftrag nicht vorgesehene Stunden werden mit 50 \u20ac (fu\u0308nfzig Euro) pro Stunde in Rechnung gestellt.<\/p>\n<h2>Artikel 7 &#8211; Bezahlung<\/h2>\n<p>Die Bezahlung des Dienstes kann erfolgen:<br \/>\n&#8211; In bar,<br \/>\n&#8211; Per Scheck ausgestellt auf Alexandra DURAND, gesendet an 1, rue du Bournay 35400 SAINT-MALO,<br \/>\n&#8211; Per Banku\u0308berweisung: Die Bankverbindung wird mit dem an den Kunden gesendeten Angebot mitgeteilt,<br \/>\n&#8211; Per Kreditkarte u\u0308ber Weiterleitung von www.visitesguidees-saintmalo.com u\u0308ber www.stripe.com<br \/>\nNach dem Gesetz muss der volle Rechnungsbetrag innerhalb von 30 Kalendertagen nach dem Datum der Leistung bezahlt werden.<\/p>\n<h2>Artikel 8 &#8211; Zahlungsverzug<\/h2>\n<p>Wird eine Rechnung nicht innerhalb von 30 (drei\u00dfig) Kalendertagen nach Rechnungsdatum vollst\u00e4ndig bezahlt, wird dem Kunden ohne Mahnung eine Vertragsstrafe in H\u00f6he von 15 % des Gesamtrechnungsbetrags in Rechnung gestellt.<br \/>\nJede am F\u00e4lligkeitstag nicht gezahlte Summe fu\u0308hrt au\u00dferdem automatisch zur Zahlung einer pauschalen Entsch\u00e4digung in H\u00f6he von 45 (fu\u0308nfundvierzig) Euro fu\u0308r Inkassokosten (Artikel 441-6, I Absatz 12 und D. 441-5 des Handelsgesetzbuchs).<\/p>\n<h2>Artikel 9 &#8211; Aufl\u00f6sungsklausel<\/h2>\n<p>Bei nicht fristgerechter Zahlung der Anzahlung beh\u00e4lt sich Alexandra DURAND das Recht vor, die Leistung zu stornieren. Wird eine Rechnung nicht innerhalb von 45 (fu\u0308nfundvierzig) Kalendertagen nach dem Datum der Leistung bezahlt, kann Alexandra DURAND Schadensersatz verlangen.<\/p>\n<h2>Artikel 10 \u2013 \u00c4nderung der Leistung<\/h2>\n<p>Eine \u00c4nderung der urspru\u0308nglich geplanten Leistung kann vom Kunden verlangt werden. Dies wird Gegenstand eines neuen Kostenvoranschlags sein, der vom Kunden genehmigt werden muss. Fu\u0308r versp\u00e4tete \u00c4nderungen wird kein neuer Kostenvoranschlag erstellt, aber der E-Mail-Austausch ist im Falle eines Rechtsstreits rechtsverbindlich. \u00c4nderungen werden im Rahmen der M\u00f6glichkeiten von Alexandra DURAND vorgenommen.<\/p>\n<h2>Artikel 11 &#8211; Zuweisung von Dienstleistungen<\/h2>\n<p>Eine Leistung kann an einen Dritten u\u0308bertragen werden, wenn Alexandra DURAND vor dem Termin der Leistung informiert wird.<\/p>\n<h2>Artikel 12 &#8211; Stornierung der Dienstleistung<\/h2>\n<p>Die zum Zeitpunkt des Online-Kaufs geleistete Zahlung (oder 30 % des f\u00e4lligen Gesamtbetrags) ist im Falle einer Stornierung durch den Kunden innerhalb von 7 (sieben) Tagen vor der Dienstleistung vollst\u00e4ndig f\u00e4llig. Z.B.: Service an einem Montag, kostenfreie Stornierung bis einschlie\u00dflich dem vorhergehenden Montag.<br \/>\nIm Falle einer Stornierung ist der gesamte Preis der Dienstleistung am Tag vor der Dienstleistung f\u00e4llig. Diese Stornobedingungen gelten au\u00dfer in F\u00e4llen h\u00f6herer Gewalt.<br \/>\nAlexandra DURAND verpflichtet sich, im Falle einer Stornierung ihrerseits die geleistete Anzahlung zuru\u0308ckzuerstatten.<\/p>\n<h2>Artikel 13 &#8211; Pu\u0308nktlichkeit<\/h2>\n<p>Beide Parteien verpflichten sich, sich 15 (fu\u0308nfzehn) Minuten vor Beginn der Besichtigung an dem in der Auftragsbest\u00e4tigung angegebenen Treffpunkt einzufinden und bei Versp\u00e4tungen oder \u00c4nderungen in letzter Minute unverzu\u0308glich zu informieren.<br \/>\nAlexandra DURAND kann nicht fu\u0308r eine Verku\u0308rzung der Dauer der erbrachten Leistung bei Verzug des Auftraggebers verantwortlich gemacht werden.<\/p>\n<h2>Artikel 14 &#8211; H\u00f6here Gewalt<\/h2>\n<p>In Anwendung des Artikels 1148 des franz\u00f6sischen Bu\u0308rgerlichen Gesetzbuchs kann Alexandra DURAND nicht fu\u0308r Ereignisse verantwortlich gemacht werden, die au\u00dferhalb ihres Einflussbereichs liegen (Wetterbedingungen, \u00c4nderungen der Dienstleistung aufgrund unvorhergesehener Umst\u00e4nde, unerwartete Schlie\u00dfung eines besuchten Ortes, Komfortbedingungen fu\u0308r die Gruppe, Mangel an Parkpl\u00e4tzen, Unf\u00e4lle, terroristische Akte usw.).<\/p>\n<h2>Artikel 15 &#8211; Haftung<\/h2>\n<p>Alexandra DURAND kann nicht fu\u0308r Sch\u00e4den oder Beeintr\u00e4chtigungen verantwortlich gemacht werden, die durch den Kunden und seine Gruppe w\u00e4hrend der Dienstleistung verursacht werden (Werke und R\u00e4umlichkeiten von Museen, Elemente einer architektonischen St\u00e4tte, Sch\u00e4den, die einem Dritten zugefu\u0308gt werden, Sch\u00e4den, die man sich selbst zufu\u0308gt, usw.).<br \/>\nDie zivilrechtliche Haftung der Parteien kann in Anspruch genommen werden. Alexandra DURAND ist bei der MMA rue Ville P\u00e9pin in Saint-Malo berufshaftpflichtversichert (Vertrag Nr. 144711425).[\/et_pb_text][\/et_pb_column][\/et_pb_row][\/et_pb_section]<\/p>\n","protected":false},"excerpt":{"rendered":"<p>Allgemeine Verkaufsbedingungen 2021Artikel 1 &#8211; Vertrag Die allgemeinen Verkaufsbedingungen geben die gegenseitigen Rechte und Pflichten zwischen Alexandra DURAND (Fremdenfu\u0308hrerausweis Nr. GC183510P) mit Sitz in 1, rue du Bournay 35400 Saint-Malo, Website www.visitesguidees-saintmalo.com, und ihrem Kunden an. Die allgemeinen Verkaufsbedingungen gelten als ein von beiden Parteien genehmigter Vertrag zum Zeitpunkt der schriftlichen Auftragsbest\u00e4tigung durch den Kunden [&hellip;]<\/p>\n","protected":false},"author":1,"featured_media":0,"parent":0,"menu_order":0,"comment_status":"closed","ping_status":"closed","template":"","meta":{"_et_pb_use_builder":"on","_et_pb_old_content":"","_et_gb_content_width":"","footnotes":""},"class_list":["post-845","page","type-page","status-publish","hentry"],"_links":{"self":[{"href":"https:\/\/visitesguidees-saintmalo.com\/de\/wp-json\/wp\/v2\/pages\/845","targetHints":{"allow":["GET"]}}],"collection":[{"href":"https:\/\/visitesguidees-saintmalo.com\/de\/wp-json\/wp\/v2\/pages"}],"about":[{"href":"https:\/\/visitesguidees-saintmalo.com\/de\/wp-json\/wp\/v2\/types\/page"}],"author":[{"embeddable":true,"href":"https:\/\/visitesguidees-saintmalo.com\/de\/wp-json\/wp\/v2\/users\/1"}],"replies":[{"embeddable":true,"href":"https:\/\/visitesguidees-saintmalo.com\/de\/wp-json\/wp\/v2\/comments?post=845"}],"version-history":[{"count":4,"href":"https:\/\/visitesguidees-saintmalo.com\/de\/wp-json\/wp\/v2\/pages\/845\/revisions"}],"predecessor-version":[{"id":858,"href":"https:\/\/visitesguidees-saintmalo.com\/de\/wp-json\/wp\/v2\/pages\/845\/revisions\/858"}],"wp:attachment":[{"href":"https:\/\/visitesguidees-saintmalo.com\/de\/wp-json\/wp\/v2\/media?parent=845"}],"curies":[{"name":"wp","href":"https:\/\/api.w.org\/{rel}","templated":true}]}}