{"id":229838,"date":"2022-03-24T08:48:29","date_gmt":"2022-03-24T08:48:29","guid":{"rendered":"https:\/\/visitesguidees-saintmalo.com\/?page_id=229838"},"modified":"2023-03-13T08:35:27","modified_gmt":"2023-03-13T08:35:27","slug":"halbtaegige-entdeckungstour-durch-saint-malo-mit-besichtigung-der-demeure-des-corsaires-wohnhaus-der-korsaren","status":"publish","type":"page","link":"https:\/\/visitesguidees-saintmalo.com\/de\/halbtaegige-entdeckungstour-durch-saint-malo-mit-besichtigung-der-demeure-des-corsaires-wohnhaus-der-korsaren\/","title":{"rendered":"Halbt\u00e4gige Entdeckungstour durch Saint-Malo mit Besichtigung der &#8222;Demeure des Corsaires&#8220; (Wohnhaus der Korsaren)"},"content":{"rendered":"<p>[et_pb_section fb_built=&#8220;1&#8243; custom_padding_last_edited=&#8220;on|phone&#8220; next_background_color=&#8220;#ffffff&#8220; admin_label=&#8220;Offer&#8220; _builder_version=&#8220;4.16&#8243; background_color=&#8220;rgba(0,0,0,0.1)&#8220; background_image=&#8220;https:\/\/visitesguidees-saintmalo.com\/wp-content\/uploads\/2021\/06\/IMG_1513-min.jpg&#8220; background_blend=&#8220;color&#8220; custom_padding=&#8220;120px||120px|&#8220; custom_padding_tablet=&#8220;80px||80px|&#8220; custom_padding_phone=&#8220;40px||40px||false|false&#8220; bottom_divider_style=&#8220;wave2&#8243; da_disable_devices=&#8220;off|off|off&#8220; locked=&#8220;off&#8220; global_colors_info=&#8220;{}&#8220; da_is_popup=&#8220;off&#8220; da_exit_intent=&#8220;off&#8220; da_has_close=&#8220;on&#8220; da_alt_close=&#8220;off&#8220; da_dark_close=&#8220;off&#8220; da_not_modal=&#8220;on&#8220; da_is_singular=&#8220;off&#8220; da_with_loader=&#8220;off&#8220; da_has_shadow=&#8220;on&#8220;][et_pb_row _builder_version=&#8220;4.16&#8243; custom_margin=&#8220;|||&#8220; global_colors_info=&#8220;{}&#8220;][et_pb_column type=&#8220;4_4&#8243; _builder_version=&#8220;4.16&#8243; custom_padding=&#8220;|||&#8220; global_colors_info=&#8220;{}&#8220; custom_padding__hover=&#8220;|||&#8220;][et_pb_text admin_label=&#8220;CTA Section Title&#8220; _builder_version=&#8220;4.16&#8243; text_font=&#8220;||||&#8220; header_font=&#8220;Oswald|on||on|&#8220; header_text_align=&#8220;center&#8220; header_font_size=&#8220;60px&#8220; header_line_height=&#8220;1.3em&#8220; background_layout=&#8220;dark&#8220; module_alignment=&#8220;center&#8220; custom_margin=&#8220;|||&#8220; custom_padding=&#8220;|||&#8220; animation_style=&#8220;zoom&#8220; animation_delay=&#8220;100ms&#8220; animation_intensity_zoom=&#8220;20%&#8220; header_font_size_tablet=&#8220;&#8220; header_font_size_phone=&#8220;36px&#8220; header_font_size_last_edited=&#8220;on|desktop&#8220; locked=&#8220;off&#8220; global_colors_info=&#8220;{}&#8220;]<\/p>\n<h1>Halbt\u00e4gige Entdeckungstour durch Saint-Malo mit Besichtigung der &#8222;Demeure des Corsaires&#8220; (Wohnhaus der Korsaren)<\/h1>\n<p>[\/et_pb_text][\/et_pb_column][\/et_pb_row][\/et_pb_section][et_pb_section fb_built=&#8220;1&#8243; custom_padding_last_edited=&#8220;on|phone&#8220; admin_label=&#8220;Intro&#8220; _builder_version=&#8220;4.16&#8243; custom_padding=&#8220;60px||0px||false|false&#8220; custom_padding_tablet=&#8220;0px||0px|&#8220; custom_padding_phone=&#8220;60px||||false|false&#8220; da_disable_devices=&#8220;off|off|off&#8220; collapsed=&#8220;off&#8220; global_colors_info=&#8220;{}&#8220; da_is_popup=&#8220;off&#8220; da_exit_intent=&#8220;off&#8220; da_has_close=&#8220;on&#8220; da_alt_close=&#8220;off&#8220; da_dark_close=&#8220;off&#8220; da_not_modal=&#8220;on&#8220; da_is_singular=&#8220;off&#8220; da_with_loader=&#8220;off&#8220; da_has_shadow=&#8220;on&#8220;][et_pb_row column_structure=&#8220;1_2,1_2&#8243; _builder_version=&#8220;4.16&#8243; _module_preset=&#8220;default&#8220; custom_margin=&#8220;0px|auto|-14px|auto|false|false&#8220; custom_padding=&#8220;0px||||false|false&#8220; collapsed=&#8220;off&#8220; global_colors_info=&#8220;{}&#8220;][et_pb_column type=&#8220;1_2&#8243; _builder_version=&#8220;4.16&#8243; _module_preset=&#8220;default&#8220; global_colors_info=&#8220;{}&#8220;][et_pb_text admin_label=&#8220;Description&#8220; _builder_version=&#8220;4.16&#8243; text_font=&#8220;||||||||&#8220; text_text_color=&#8220;#000000&#8243; text_font_size=&#8220;16px&#8220; text_line_height=&#8220;1.8em&#8220; link_text_color=&#8220;#429dd6&#8243; background_size=&#8220;initial&#8220; background_position=&#8220;top_left&#8220; background_repeat=&#8220;repeat&#8220; custom_margin=&#8220;||15px||false|false&#8220; animation_style=&#8220;zoom&#8220; animation_direction=&#8220;left&#8220; animation_delay=&#8220;100ms&#8220; animation_intensity_zoom=&#8220;10%&#8220; global_colors_info=&#8220;{}&#8220;]<\/p>\n<p><strong>Um alles \u00fcber Saint-Malo zu erfahren!<\/strong><br \/>Historische und kulturelle Besichtigung zu Fu\u00df von Saint-Malo intra-muros und seinem Hafen (Schloss, Vauban-Mauern, Kathedrale, H\u00e4user aus dem 15.\/16.\/17. Jahrhundert, Geschichte der Korsaren von Malouin \/ der Fischerei in Neufundland \/ der Schifffahrt mit der Route du Rhum \/ Quai du Rhum \/ Besuch der Demeure des Corsaires &#8230;).<\/p>\n<p><strong>Abreise und Ankunft<\/strong> sur l\u2019esplanade Saint-Vincent<\/p>\n<p><strong>Dauer<\/strong> : de 9h30 \u00e0 12h30\/13h<\/p>\n<p><strong>Angesprochene Themen<\/strong> (nicht ersch\u00f6pfend): die Geschichte von intra-muros, Korsaren, Reeder, die Indiengesellschaft, die Fischerei in Neufundland, der Krieg und der Wiederaufbau, der Hafen und die heutige Industrie.<\/p>\n<p>[\/et_pb_text][\/et_pb_column][et_pb_column type=&#8220;1_2&#8243; _builder_version=&#8220;4.16&#8243; _module_preset=&#8220;default&#8220; global_colors_info=&#8220;{}&#8220;][et_pb_text admin_label=&#8220;Description&#8220; _builder_version=&#8220;4.19.1&#8243; text_font=&#8220;||||||||&#8220; text_text_color=&#8220;#000000&#8243; text_font_size=&#8220;16px&#8220; text_line_height=&#8220;1.8em&#8220; link_text_color=&#8220;#429dd6&#8243; background_size=&#8220;initial&#8220; background_position=&#8220;top_left&#8220; background_repeat=&#8220;repeat&#8220; custom_margin=&#8220;||15px||false|false&#8220; animation_style=&#8220;zoom&#8220; animation_direction=&#8220;left&#8220; animation_delay=&#8220;100ms&#8220; animation_intensity_zoom=&#8220;10%&#8220; hover_enabled=&#8220;0&#8243; global_colors_info=&#8220;{}&#8220; sticky_enabled=&#8220;0&#8243;]<\/p>\n<div class=\"et_pb_module et_pb_text et_pb_text_13 et_pb_text_align_left et_pb_bg_layout_light et_had_animation\">\n<div class=\"et_pb_text_inner\">\n<p><strong>Inklusive<\/strong> : Privatbesichtigung eines authentischen Korsarenhauses, des Privathauses des Reeders Magon de la Lande aus Malouin, das 1725 erbaut wurde und vollst\u00e4ndig unter Denkmalschutz steht. Die von den Eigent\u00fcmern geleitete historische F\u00fchrung erl\u00e4utert das Leben der Reeder, die T\u00e4tigkeit der Freibeuter des K\u00f6nigs, die exotischen Gesch\u00e4fte der Indien-Kompanie.<\/p>\n<\/div>\n<\/div>\n<p><img loading=\"lazy\" decoding=\"async\" src=\"https:\/\/visitesguidees-saintmalo.com\/wp-content\/uploads\/2021\/05\/che\u0300ques-ANCV.png\" width=\"70\" height=\"68\" alt=\"\" class=\"wp-image-1873 alignnone size-full\" \/><\/p>\n<p>[\/et_pb_text][\/et_pb_column][\/et_pb_row][\/et_pb_section][et_pb_section fb_built=&#8220;1&#8243; _builder_version=&#8220;4.16&#8243; _module_preset=&#8220;default&#8220; custom_padding=&#8220;9px||3px|||&#8220; da_disable_devices=&#8220;off|off|off&#8220; global_colors_info=&#8220;{}&#8220; da_is_popup=&#8220;off&#8220; da_exit_intent=&#8220;off&#8220; da_has_close=&#8220;on&#8220; da_alt_close=&#8220;off&#8220; da_dark_close=&#8220;off&#8220; da_not_modal=&#8220;on&#8220; da_is_singular=&#8220;off&#8220; da_with_loader=&#8220;off&#8220; da_has_shadow=&#8220;on&#8220;][et_pb_row column_structure=&#8220;1_5,3_5,1_5&#8243; _builder_version=&#8220;4.16&#8243; _module_preset=&#8220;default&#8220; global_colors_info=&#8220;{}&#8220;][et_pb_column type=&#8220;1_5&#8243; _builder_version=&#8220;4.16&#8243; _module_preset=&#8220;default&#8220; global_colors_info=&#8220;{}&#8220;][\/et_pb_column][et_pb_column type=&#8220;3_5&#8243; _builder_version=&#8220;4.16&#8243; _module_preset=&#8220;default&#8220; global_colors_info=&#8220;{}&#8220;][et_pb_cta title=&#8220;Reservierung&#8220; button_url=&#8220;#devis&#8220; button_text=&#8220;Online-Antrag&#8220; _builder_version=&#8220;4.16&#8243; _module_preset=&#8220;default&#8220; header_font=&#8220;|600|||||||&#8220; background_color=&#8220;#429dd6&#8243; custom_button=&#8220;on&#8220; button_text_size=&#8220;16px&#8220; button_text_color=&#8220;#429dd6&#8243; button_bg_color=&#8220;#FFFFFF&#8220; button_border_width=&#8220;0px&#8220; button_border_color=&#8220;#FFFFFF&#8220; button_border_radius=&#8220;0px&#8220; button_letter_spacing=&#8220;4px&#8220; button_font=&#8220;Oswald|700||on|||||&#8220; button_icon_color=&#8220;#429dd6&#8243; button_alignment=&#8220;center&#8220; custom_padding=&#8220;20px|30px|30px|30px|false|true&#8220; animation_style=&#8220;zoom&#8220; animation_delay=&#8220;300ms&#8220; animation_intensity_zoom=&#8220;10%&#8220; global_colors_info=&#8220;{}&#8220; button_bg_color__hover_enabled=&#8220;on|hover&#8220; button_bg_color__hover=&#8220;#FFFFFF&#8220; button_bg_enable_color__hover=&#8220;on&#8220; button_text_color__hover_enabled=&#8220;on|hover&#8220; button_border_color__hover_enabled=&#8220;on|hover&#8220; button_border_color__hover=&#8220;#429dd6&#8243; button_text_color__hover=&#8220;#429dd6&#8243;]<\/p>\n<p>Wenn Sie eine Reservierung f\u00fcr diese halbt\u00e4gige Entdeckungstour durch Saint-Malo mit Besuch des Korsarenhauses vornehmen m\u00f6chten, senden Sie mir bitte eine Anfrage \u00fcber das Formular.<br \/>Z\u00f6gern Sie nicht, mich direkt zu kontaktieren unter <a href=\"tel:0635248654\"><span style=\"color: #ffffff;\"><strong>06 35 24 86 54<\/strong><\/span><\/a> wenn Sie Fragen haben oder weitere Informationen ben\u00f6tigen.<\/p>\n<p>[\/et_pb_cta][\/et_pb_column][et_pb_column type=&#8220;1_5&#8243; _builder_version=&#8220;4.16&#8243; _module_preset=&#8220;default&#8220; global_colors_info=&#8220;{}&#8220;][\/et_pb_column][\/et_pb_row][\/et_pb_section][et_pb_section fb_built=&#8220;1&#8243; custom_padding_last_edited=&#8220;off|desktop&#8220; prev_background_color=&#8220;#ffffff&#8220; admin_label=&#8220;Circuit 1&#8243; module_id=&#8220;villasdusillon&#8220; _builder_version=&#8220;4.16&#8243; background_color=&#8220;#429DD6&#8243; custom_padding=&#8220;120px||27px||false|false&#8220; custom_padding_tablet=&#8220;0px||0px|&#8220; top_divider_style=&#8220;wave2&#8243; da_disable_devices=&#8220;off|off|off&#8220; collapsed=&#8220;off&#8220; global_colors_info=&#8220;{}&#8220; da_is_popup=&#8220;off&#8220; da_exit_intent=&#8220;off&#8220; da_has_close=&#8220;on&#8220; da_alt_close=&#8220;off&#8220; da_dark_close=&#8220;off&#8220; da_not_modal=&#8220;on&#8220; da_is_singular=&#8220;off&#8220; da_with_loader=&#8220;off&#8220; da_has_shadow=&#8220;on&#8220;][et_pb_row column_structure=&#8220;1_3,1_3,1_3&#8243; admin_label=&#8220;Package&#8220; _builder_version=&#8220;4.16&#8243; background_enable_color=&#8220;off&#8220; background_size=&#8220;initial&#8220; background_position=&#8220;top_left&#8220; background_repeat=&#8220;repeat&#8220; collapsed=&#8220;off&#8220; global_colors_info=&#8220;{}&#8220;][et_pb_column type=&#8220;1_3&#8243; _builder_version=&#8220;4.16&#8243; custom_padding=&#8220;|||&#8220; global_colors_info=&#8220;{}&#8220; custom_padding__hover=&#8220;|||&#8220;][et_pb_image src=&#8220;https:\/\/visitesguidees-saintmalo.com\/wp-content\/uploads\/2021\/06\/012A1975-.jpg&#8220; title_text=&#8220;012A1975-&#8220; _builder_version=&#8220;4.16&#8243; _module_preset=&#8220;default&#8220; min_height=&#8220;181px&#8220; global_colors_info=&#8220;{}&#8220;][\/et_pb_image][et_pb_image src=&#8220;https:\/\/visitesguidees-saintmalo.com\/wp-content\/uploads\/2021\/05\/102715469_10213345034379901_7950997795445028228_n-min.jpg&#8220; title_text=&#8220;102715469_10213345034379901_7950997795445028228_n-min&#8220; _builder_version=&#8220;4.16&#8243; _module_preset=&#8220;default&#8220; min_height=&#8220;181px&#8220; global_colors_info=&#8220;{}&#8220;][\/et_pb_image][et_pb_image src=&#8220;https:\/\/visitesguidees-saintmalo.com\/wp-content\/uploads\/2021\/05\/012A1694-min-1.jpg&#8220; title_text=&#8220;012A1694-min&#8220; _builder_version=&#8220;4.16&#8243; _module_preset=&#8220;default&#8220; min_height=&#8220;181px&#8220; global_colors_info=&#8220;{}&#8220;][\/et_pb_image][et_pb_image src=&#8220;https:\/\/visitesguidees-saintmalo.com\/wp-content\/uploads\/2021\/05\/012A1627-.jpg&#8220; title_text=&#8220;012A1627-&#8220; _builder_version=&#8220;4.16&#8243; _module_preset=&#8220;default&#8220; min_height=&#8220;181px&#8220; global_colors_info=&#8220;{}&#8220;][\/et_pb_image][et_pb_image src=&#8220;https:\/\/visitesguidees-saintmalo.com\/wp-content\/uploads\/2021\/05\/012A1587-min-1.jpg&#8220; title_text=&#8220;012A1587-min&#8220; _builder_version=&#8220;4.16&#8243; _module_preset=&#8220;default&#8220; min_height=&#8220;181px&#8220; global_colors_info=&#8220;{}&#8220;][\/et_pb_image][et_pb_image src=&#8220;https:\/\/visitesguidees-saintmalo.com\/wp-content\/uploads\/2021\/06\/IMG_1521-min.jpg&#8220; title_text=&#8220;IMG_1521-min&#8220; _builder_version=&#8220;4.16&#8243; _module_preset=&#8220;default&#8220; min_height=&#8220;181px&#8220; global_colors_info=&#8220;{}&#8220;][\/et_pb_image][\/et_pb_column][et_pb_column type=&#8220;1_3&#8243; _builder_version=&#8220;4.16&#8243; custom_padding=&#8220;|||&#8220; global_colors_info=&#8220;{}&#8220; custom_padding__hover=&#8220;|||&#8220;][et_pb_image src=&#8220;https:\/\/visitesguidees-saintmalo.com\/wp-content\/uploads\/2021\/05\/4.jpg&#8220; title_text=&#8220;4&#8243; _builder_version=&#8220;4.16&#8243; _module_preset=&#8220;default&#8220; global_colors_info=&#8220;{}&#8220;][\/et_pb_image][et_pb_image src=&#8220;https:\/\/visitesguidees-saintmalo.com\/wp-content\/uploads\/2021\/05\/106479357_10213512575648328_2980446740260020135_n-min.jpg&#8220; title_text=&#8220;106479357_10213512575648328_2980446740260020135_n-min&#8220; _builder_version=&#8220;4.16&#8243; _module_preset=&#8220;default&#8220; global_colors_info=&#8220;{}&#8220;][\/et_pb_image][et_pb_image src=&#8220;https:\/\/visitesguidees-saintmalo.com\/wp-content\/uploads\/2021\/05\/SOLIDOR-min.jpg&#8220; title_text=&#8220;SOLIDOR-min&#8220; _builder_version=&#8220;4.16&#8243; _module_preset=&#8220;default&#8220; global_colors_info=&#8220;{}&#8220;][\/et_pb_image][et_pb_image src=&#8220;https:\/\/visitesguidees-saintmalo.com\/wp-content\/uploads\/2021\/05\/012A1644-min-1.jpg&#8220; title_text=&#8220;012A1644-min&#8220; _builder_version=&#8220;4.16&#8243; _module_preset=&#8220;default&#8220; global_colors_info=&#8220;{}&#8220;][\/et_pb_image][et_pb_image src=&#8220;https:\/\/visitesguidees-saintmalo.com\/wp-content\/uploads\/2021\/05\/012A1593-min-1.jpg&#8220; title_text=&#8220;012A1593-min&#8220; _builder_version=&#8220;4.16&#8243; _module_preset=&#8220;default&#8220; global_colors_info=&#8220;{}&#8220;][\/et_pb_image][et_pb_image src=&#8220;https:\/\/visitesguidees-saintmalo.com\/wp-content\/uploads\/2021\/06\/IMG_1513-min.jpg&#8220; title_text=&#8220;IMG_1513-min&#8220; _builder_version=&#8220;4.16&#8243; _module_preset=&#8220;default&#8220; global_colors_info=&#8220;{}&#8220;][\/et_pb_image][\/et_pb_column][et_pb_column type=&#8220;1_3&#8243; _builder_version=&#8220;4.16&#8243; custom_padding=&#8220;|||&#8220; global_colors_info=&#8220;{}&#8220; custom_padding__hover=&#8220;|||&#8220;][et_pb_image src=&#8220;https:\/\/visitesguidees-saintmalo.com\/wp-content\/uploads\/2021\/05\/44764811_10209715335599700_3920791080907309056_n-min.jpg&#8220; title_text=&#8220;44764811_10209715335599700_3920791080907309056_n-min&#8220; _builder_version=&#8220;4.16&#8243; _module_preset=&#8220;default&#8220; global_colors_info=&#8220;{}&#8220;][\/et_pb_image][et_pb_image src=&#8220;https:\/\/visitesguidees-saintmalo.com\/wp-content\/uploads\/2021\/05\/107611548_10213552882175966_2310976771222315377_n-min.jpg&#8220; title_text=&#8220;107611548_10213552882175966_2310976771222315377_n-min&#8220; _builder_version=&#8220;4.16&#8243; _module_preset=&#8220;default&#8220; global_colors_info=&#8220;{}&#8220;][\/et_pb_image][et_pb_image src=&#8220;https:\/\/visitesguidees-saintmalo.com\/wp-content\/uploads\/2021\/05\/012A1653-min.jpg&#8220; title_text=&#8220;012A1653-min&#8220; _builder_version=&#8220;4.16&#8243; _module_preset=&#8220;default&#8220; global_colors_info=&#8220;{}&#8220;][\/et_pb_image][et_pb_image src=&#8220;https:\/\/visitesguidees-saintmalo.com\/wp-content\/uploads\/2021\/05\/012A1597-min-1.jpg&#8220; title_text=&#8220;012A1597-min&#8220; _builder_version=&#8220;4.16&#8243; _module_preset=&#8220;default&#8220; global_colors_info=&#8220;{}&#8220;][\/et_pb_image][et_pb_image src=&#8220;https:\/\/visitesguidees-saintmalo.com\/wp-content\/uploads\/2021\/06\/012A1690.jpg&#8220; title_text=&#8220;012A1690&#8243; _builder_version=&#8220;4.16&#8243; _module_preset=&#8220;default&#8220; global_colors_info=&#8220;{}&#8220;][\/et_pb_image][et_pb_image src=&#8220;https:\/\/visitesguidees-saintmalo.com\/wp-content\/uploads\/2021\/06\/012A1536.jpg&#8220; title_text=&#8220;012A1536&#8243; _builder_version=&#8220;4.16&#8243; _module_preset=&#8220;default&#8220; global_colors_info=&#8220;{}&#8220;][\/et_pb_image][et_pb_image src=&#8220;https:\/\/visitesguidees-saintmalo.com\/wp-content\/uploads\/2021\/06\/IMG_1593-min.jpg&#8220; title_text=&#8220;IMG_1593-min&#8220; _builder_version=&#8220;4.16&#8243; _module_preset=&#8220;default&#8220; global_colors_info=&#8220;{}&#8220;][\/et_pb_image][\/et_pb_column][\/et_pb_row][\/et_pb_section][et_pb_section fb_built=&#8220;1&#8243; admin_label=&#8220;Popup &#8211; #devis&#8220; module_id=&#8220;devis&#8220; module_class=&#8220;popup&#8220; _builder_version=&#8220;4.16&#8243; _module_preset=&#8220;default&#8220; width=&#8220;70%&#8220; max_width=&#8220;70%&#8220; da_is_popup=&#8220;on&#8220; da_popup_slug=&#8220;devis&#8220; da_disable_devices=&#8220;off|off|off&#8220; global_colors_info=&#8220;{}&#8220; da_exit_intent=&#8220;off&#8220; da_has_close=&#8220;on&#8220; da_alt_close=&#8220;off&#8220; da_dark_close=&#8220;off&#8220; da_not_modal=&#8220;on&#8220; da_is_singular=&#8220;off&#8220; da_with_loader=&#8220;off&#8220; da_has_shadow=&#8220;on&#8220;][et_pb_row _builder_version=&#8220;4.16&#8243; _module_preset=&#8220;default&#8220; global_colors_info=&#8220;{}&#8220;][et_pb_column type=&#8220;4_4&#8243; _builder_version=&#8220;4.16&#8243; _module_preset=&#8220;default&#8220; global_colors_info=&#8220;{}&#8220;][et_pb_text _builder_version=&#8220;4.16&#8243; _module_preset=&#8220;default&#8220; global_colors_info=&#8220;{}&#8220;]\n<div class=\"wpcf7 no-js\" id=\"wpcf7-f475-o1\" lang=\"fr-FR\" dir=\"ltr\">\n<div class=\"screen-reader-response\"><p role=\"status\" aria-live=\"polite\" aria-atomic=\"true\"><\/p> <ul><\/ul><\/div>\n<form action=\"\/de\/wp-json\/wp\/v2\/pages\/229838#wpcf7-f475-o1\" method=\"post\" class=\"wpcf7-form init\" aria-label=\"Formulaire de contact\" novalidate=\"novalidate\" data-status=\"init\">\n<div style=\"display: none;\">\n<input type=\"hidden\" name=\"_wpcf7\" value=\"475\" \/>\n<input type=\"hidden\" name=\"_wpcf7_version\" value=\"5.7.4\" \/>\n<input type=\"hidden\" name=\"_wpcf7_locale\" value=\"fr_FR\" \/>\n<input type=\"hidden\" name=\"_wpcf7_unit_tag\" value=\"wpcf7-f475-o1\" \/>\n<input type=\"hidden\" name=\"_wpcf7_container_post\" value=\"0\" \/>\n<input type=\"hidden\" name=\"_wpcf7_posted_data_hash\" value=\"\" \/>\n<input type=\"hidden\" name=\"_wpcf7cf_hidden_group_fields\" value=\"[]\" \/>\n<input type=\"hidden\" name=\"_wpcf7cf_hidden_groups\" value=\"[]\" \/>\n<input type=\"hidden\" name=\"_wpcf7cf_visible_groups\" value=\"[]\" \/>\n<input type=\"hidden\" name=\"_wpcf7cf_repeaters\" value=\"[]\" \/>\n<input type=\"hidden\" name=\"_wpcf7cf_steps\" value=\"{}\" \/>\n<input type=\"hidden\" name=\"_wpcf7cf_options\" value=\"{&quot;form_id&quot;:475,&quot;conditions&quot;:[],&quot;settings&quot;:{&quot;animation&quot;:&quot;yes&quot;,&quot;animation_intime&quot;:200,&quot;animation_outtime&quot;:200,&quot;conditions_ui&quot;:&quot;normal&quot;,&quot;notice_dismissed&quot;:false}}\" \/>\n<\/div>\n<p><span class=\"wpcf7-form-control-wrap\" data-name=\"nom\"><input size=\"40\" class=\"wpcf7-form-control wpcf7-text wpcf7-validates-as-required\" aria-required=\"true\" aria-invalid=\"false\" placeholder=\"Nom *\" value=\"\" type=\"text\" name=\"nom\" \/><\/span><br \/>\n<span class=\"wpcf7-form-control-wrap\" data-name=\"email\"><input size=\"40\" class=\"wpcf7-form-control wpcf7-text wpcf7-email wpcf7-validates-as-required wpcf7-validates-as-email\" aria-required=\"true\" aria-invalid=\"false\" placeholder=\"Email *\" value=\"\" type=\"email\" name=\"email\" \/><\/span><br \/>\n<span class=\"wpcf7-form-control-wrap\" data-name=\"sujet\"><input size=\"40\" class=\"wpcf7-form-control wpcf7-text wpcf7-validates-as-required\" aria-required=\"true\" aria-invalid=\"false\" placeholder=\"Objet de la demande *\" value=\"\" type=\"text\" name=\"sujet\" \/><\/span><br \/>\n<span class=\"wpcf7-form-control-wrap\" data-name=\"message\"><textarea cols=\"40\" rows=\"10\" class=\"wpcf7-form-control wpcf7-textarea\" aria-invalid=\"false\" placeholder=\"Message\" name=\"message\"><\/textarea><\/span><br \/>\n<span class=\"wpcf7-form-control-wrap\" data-name=\"acceptance-141\"><span class=\"wpcf7-form-control wpcf7-acceptance\"><span class=\"wpcf7-list-item\"><label><input type=\"checkbox\" name=\"acceptance-141\" value=\"1\" aria-invalid=\"false\" \/><span class=\"wpcf7-list-item-label\">J'accepte les conditions d'utilisation du site.<\/span><\/label><\/span><\/span><\/span><br \/>\n<button class=\"wpcf7-form-control wpcf7-submit has-spinner et_pb_button et_pb_bg_layout_light\" type=\"submit\" value=\"ENVOYER\">ENVOYER<\/button>\n<\/p><div class=\"wpcf7-response-output\" aria-hidden=\"true\"><\/div>\n<\/form>\n<\/div>\n[\/et_pb_text][\/et_pb_column][\/et_pb_row][\/et_pb_section]<\/p>\n","protected":false},"excerpt":{"rendered":"<p>Halbt\u00e4gige Entdeckungstour durch Saint-Malo mit Besichtigung der &#8222;Demeure des Corsaires&#8220; (Wohnhaus der Korsaren)Um alles \u00fcber Saint-Malo zu erfahren!Historische und kulturelle Besichtigung zu Fu\u00df von Saint-Malo intra-muros und seinem Hafen (Schloss, Vauban-Mauern, Kathedrale, H\u00e4user aus dem 15.\/16.\/17. Jahrhundert, Geschichte der Korsaren von Malouin \/ der Fischerei in Neufundland \/ der Schifffahrt mit der Route du Rhum [&hellip;]<\/p>\n","protected":false},"author":1,"featured_media":0,"parent":0,"menu_order":0,"comment_status":"closed","ping_status":"closed","template":"","meta":{"_et_pb_use_builder":"on","_et_pb_old_content":"","_et_gb_content_width":"","footnotes":""},"class_list":["post-229838","page","type-page","status-publish","hentry"],"_links":{"self":[{"href":"https:\/\/visitesguidees-saintmalo.com\/de\/wp-json\/wp\/v2\/pages\/229838","targetHints":{"allow":["GET"]}}],"collection":[{"href":"https:\/\/visitesguidees-saintmalo.com\/de\/wp-json\/wp\/v2\/pages"}],"about":[{"href":"https:\/\/visitesguidees-saintmalo.com\/de\/wp-json\/wp\/v2\/types\/page"}],"author":[{"embeddable":true,"href":"https:\/\/visitesguidees-saintmalo.com\/de\/wp-json\/wp\/v2\/users\/1"}],"replies":[{"embeddable":true,"href":"https:\/\/visitesguidees-saintmalo.com\/de\/wp-json\/wp\/v2\/comments?post=229838"}],"version-history":[{"count":13,"href":"https:\/\/visitesguidees-saintmalo.com\/de\/wp-json\/wp\/v2\/pages\/229838\/revisions"}],"predecessor-version":[{"id":230418,"href":"https:\/\/visitesguidees-saintmalo.com\/de\/wp-json\/wp\/v2\/pages\/229838\/revisions\/230418"}],"wp:attachment":[{"href":"https:\/\/visitesguidees-saintmalo.com\/de\/wp-json\/wp\/v2\/media?parent=229838"}],"curies":[{"name":"wp","href":"https:\/\/api.w.org\/{rel}","templated":true}]}}